{"id":2375,"date":"2024-11-29T04:20:23","date_gmt":"2024-11-29T04:20:23","guid":{"rendered":"https:\/\/demo2wpopal.b-cdn.net\/diteck\/?page_id=2375"},"modified":"2025-10-20T08:20:27","modified_gmt":"2025-10-20T08:20:27","slug":"kontakt","status":"publish","type":"page","link":"https:\/\/pogs.hr\/index.php\/kontakt\/","title":{"rendered":"Kontakt"},"content":{"rendered":"\t\t<div data-elementor-type=\"wp-page\" data-elementor-id=\"2375\" class=\"elementor elementor-2375\" data-elementor-post-type=\"page\">\n\t\t\t\t<div class=\"elementor-element elementor-element-6e87303 e-flex e-con-boxed e-con e-parent\" data-id=\"6e87303\" data-element_type=\"container\">\n\t\t\t\t\t<div class=\"e-con-inner\">\n\t\t<div class=\"elementor-element elementor-element-6fb9d2b e-con-full e-flex e-con e-child\" data-id=\"6fb9d2b\" data-element_type=\"container\">\n\t\t\t\t<div class=\"elementor-element elementor-element-1fb0c23 icon-list-style-diteck-yes animated-fast elementor-icon-list--layout-traditional elementor-list-item-link-full_width elementor-invisible elementor-widget elementor-widget-icon-list\" data-id=\"1fb0c23\" data-element_type=\"widget\" data-settings=\"{&quot;_animation&quot;:&quot;opal-scale-up&quot;}\" data-widget_type=\"icon-list.default\">\n\t\t\t\t\t\t\t<ul class=\"elementor-icon-list-items\">\n\t\t\t\t\t\t\t<li class=\"elementor-icon-list-item\">\n\t\t\t\t\t\t\t\t\t\t\t<span class=\"elementor-icon-list-icon\">\n\t\t\t\t\t\t\t<i aria-hidden=\"true\" class=\"diteck-icon- diteck-icon-square-1\"><\/i>\t\t\t\t\t\t<\/span>\n\t\t\t\t\t\t\t\t\t\t<span class=\"elementor-icon-list-text\">Kontaktirajte nas<\/span>\n\t\t\t\t\t\t\t\t\t<\/li>\n\t\t\t\t\t\t<\/ul>\n\t\t\t\t\t\t<\/div>\n\t\t\t\t<\/div>\n\t\t<div class=\"elementor-element elementor-element-748a180 e-con-full e-flex e-con e-child\" data-id=\"748a180\" data-element_type=\"container\">\n\t\t\t\t<div class=\"elementor-element elementor-element-e27e911 elementor-widget__width-inherit animated-fast elementor-invisible elementor-widget elementor-widget-heading\" data-id=\"e27e911\" data-element_type=\"widget\" data-settings=\"{&quot;_animation&quot;:&quot;opal-move-up&quot;}\" data-widget_type=\"heading.default\">\n\t\t\t\t\t<h2 class=\"elementor-heading-title elementor-size-default\">Imate pitanje, trebate savjet ili \u017eelite dogovoriti suradnju?<\/h2>\t\t\t\t<\/div>\n\t\t\t\t<\/div>\n\t\t<div class=\"elementor-element elementor-element-4c09fe3 e-con-full e-flex e-con e-child\" data-id=\"4c09fe3\" data-element_type=\"container\">\n\t\t\t\t<\/div>\n\t\t<div class=\"elementor-element elementor-element-b52aa8a e-con-full e-flex e-con e-child\" data-id=\"b52aa8a\" data-element_type=\"container\">\n\t\t\t\t<div class=\"elementor-element elementor-element-4a4b844 fluentform-widget-submit-button-full-width elementor-widget__width-initial fluent-form-widget-step-header-yes fluent-form-widget-step-progressbar-yes elementor-widget elementor-widget-fluent-form-widget\" data-id=\"4a4b844\" data-element_type=\"widget\" data-widget_type=\"fluent-form-widget.default\">\n\t\t\t\t<div class=\"elementor-widget-container\">\n\t\t\t\t\t\n            <div class=\"fluentform-widget-wrapper fluentform-widget-align-default\">\n\n            \n            <div class='fluentform ff-default fluentform_wrapper_3 ffs_default_wrap'><form data-form_id=\"3\" id=\"fluentform_3\" class=\"frm-fluent-form fluent_form_3 ff-el-form-top ff_form_instance_3_1 ff-form-loading ffs_default\" data-form_instance=\"ff_form_instance_3_1\" method=\"POST\" ><fieldset  style=\"border: none!important;margin: 0!important;padding: 0!important;background-color: transparent!important;box-shadow: none!important;outline: none!important; min-inline-size: 100%;\">\n                    <legend class=\"ff_screen_reader_title\" style=\"display: block; margin: 0!important;padding: 0!important;height: 0!important;text-indent: -999999px;width: 0!important;overflow:hidden;\">Blank Form (#3)<\/legend><input type='hidden' name='__fluent_form_embded_post_id' value='2375' \/><input type=\"hidden\" id=\"_fluentform_3_fluentformnonce\" name=\"_fluentform_3_fluentformnonce\" value=\"c16b80bd14\" \/><input type=\"hidden\" name=\"_wp_http_referer\" value=\"\/index.php\/wp-json\/wp\/v2\/pages\/2375\" \/><div data-type=\"name-element\" data-name=\"names\" class=\" ff-field_container ff-name-field-wrapper\" ><div class='ff-t-container'><div class='ff-t-cell '><div class='ff-el-group ff-el-form-top'><div class=\"ff-el-input--label ff-el-is-required asterisk-right\"><label for='ff_3_names_first_name_' id='label_ff_3_names_first_name_' >Va\u0161e ime <\/label><\/div><div class='ff-el-input--content'><input type=\"text\" name=\"names[first_name]\" id=\"ff_3_names_first_name_\" class=\"ff-el-form-control\" placeholder=\"Va\u0161e ime \" aria-invalid=\"false\" aria-required=true><\/div><\/div><\/div><div class='ff-t-cell '><div class='ff-el-group ff-el-form-top'><div class=\"ff-el-input--label asterisk-right\"><label for='ff_3_names_last_name_' id='label_ff_3_names_last_name_' >Va\u0161e prezime<\/label><\/div><div class='ff-el-input--content'><input type=\"text\" name=\"names[last_name]\" id=\"ff_3_names_last_name_\" class=\"ff-el-form-control\" placeholder=\"Va\u0161e prezime\" aria-invalid=\"false\" aria-required=false><\/div><\/div><\/div><\/div><\/div><div class='ff-el-group'><div class=\"ff-el-input--label asterisk-right\"><label for='ff_3_email' id='label_ff_3_email' aria-label=\"E-mail adresa\">E-mail adresa<\/label><\/div><div class='ff-el-input--content'><input type=\"email\" name=\"email\" id=\"ff_3_email\" class=\"ff-el-form-control\" placeholder=\"E-mail adresa\" data-name=\"email\"  aria-invalid=\"false\" aria-required=false><\/div><\/div><div class='ff-el-group'><div class=\"ff-el-input--label ff-el-is-required asterisk-right\"><label for='ff_3_input_text' id='label_ff_3_input_text' aria-label=\"Predmet poruke\">Predmet poruke<\/label><\/div><div class='ff-el-input--content'><input type=\"text\" name=\"input_text\" class=\"ff-el-form-control\" placeholder=\"Predmet poruke\" data-name=\"input_text\" id=\"ff_3_input_text\"  aria-invalid=\"false\" aria-required=true><\/div><\/div><div class='ff-el-group'><div class=\"ff-el-input--label asterisk-right\"><label for='ff_3_description' id='label_ff_3_description' aria-label=\"Va\u0161 upit\">Va\u0161 upit<\/label><\/div><div class='ff-el-input--content'><textarea aria-required=\"false\" aria-labelledby=\"label_ff_3_description\" name=\"description\" id=\"ff_3_description\" class=\"ff-el-form-control\" placeholder=\"Va\u0161 upit...\" rows=\"3\" cols=\"2\" data-name=\"description\" ><\/textarea><\/div><\/div><div class='ff-el-group ff-text-left ff_submit_btn_wrapper'><button type=\"submit\" class=\"ff-btn ff-btn-submit ff-btn-md ff_btn_style\"  aria-label=\"Po\u0161aljite upit\">Po\u0161aljite upit<\/button><\/div>\t\t<div id=\"cf-turnstile-fluent-3429203672\"\r\n\t\tclass=\"cf-turnstile\" \t\tdata-sitekey=\"0x4AAAAAAB6TV6WOTwJPwxjU\"\r\n\t\tdata-theme=\"light\"\r\n\t\tdata-language=\"auto\"\r\n\t\tdata-size=\"normal\"\r\n\t\tdata-retry=\"auto\" data-retry-interval=\"1000\"\r\n\t\tdata-refresh-expired=\"auto\"\r\n\t\tdata-refresh-timeout=\"auto\"\r\n\t\tdata-action=\"fluent-form-3\"\r\n\t\tdata-callback=\"turnstileFluentCallback\"\r\n\t\t\t\tdata-appearance=\"always\"><\/div>\r\n\t\t\t<script>document.addEventListener(\"DOMContentLoaded\", function() { setTimeout(function(){ var e=document.getElementById(\"cf-turnstile-fluent-3429203672\"); if(e&&!e.innerHTML.trim()){turnstile.render(e, {sitekey:\"0x4AAAAAAB6TV6WOTwJPwxjU\"});} }, 200); });<\/script>\r\n\t\t\t<br class=\"cf-turnstile-br cf-turnstile-br-fluent-3429203672\">\r\n\t\t\t\t<style>#cf-turnstile-fluent-3429203672 { margin-left: -15px; }<\/style>\r\n\t\t<\/fieldset><\/form><div id='fluentform_3_errors' class='ff-errors-in-stack ff_form_instance_3_1 ff-form-loading_errors ff_form_instance_3_1_errors'><\/div><\/div>            <script type=\"text\/javascript\">\n                window.fluent_form_ff_form_instance_3_1 = {\"id\":\"3\",\"settings\":{\"layout\":{\"labelPlacement\":\"top\",\"asteriskPlacement\":\"asterisk-right\",\"helpMessagePlacement\":\"with_label\",\"errorMessagePlacement\":\"inline\",\"cssClassName\":\"\"},\"restrictions\":{\"denyEmptySubmission\":{\"enabled\":false}}},\"form_instance\":\"ff_form_instance_3_1\",\"form_id_selector\":\"fluentform_3\",\"rules\":{\"names[first_name]\":{\"required\":{\"value\":true,\"message\":\"This field is required\",\"global_message\":\"This field is required\",\"global\":true}},\"names[middle_name]\":{\"required\":{\"value\":false,\"message\":\"This field is required\",\"global_message\":\"This field is required\",\"global\":true}},\"names[last_name]\":{\"required\":{\"value\":false,\"message\":\"This field is required\",\"global_message\":\"This field is required\",\"global\":true}},\"email\":{\"required\":{\"value\":false,\"message\":\"This field is required\",\"global_message\":\"This field is required\",\"global\":true},\"email\":{\"value\":true,\"message\":\"This field must contain a valid email\",\"global_message\":\"This field must contain a valid email\",\"global\":true}},\"input_text\":{\"required\":{\"value\":true,\"message\":\"This field is required\",\"global_message\":\"This field is required\",\"global\":true}},\"description\":{\"required\":{\"value\":false,\"message\":\"This field is required\",\"global_message\":\"This field is required\",\"global\":true}}},\"debounce_time\":300};\n                            <\/script>\n                        <\/div>\n\n            \t\t\t\t<\/div>\n\t\t\t\t<\/div>\n\t\t\t\t<\/div>\n\t\t\t\t\t<\/div>\n\t\t\t\t<\/div>\n\t\t<div class=\"elementor-element elementor-element-61c3124 e-flex e-con-boxed e-con e-parent\" data-id=\"61c3124\" data-element_type=\"container\">\n\t\t\t\t\t<div class=\"e-con-inner\">\n\t\t<div class=\"elementor-element elementor-element-3eaf500 e-con-full e-flex e-con e-child\" data-id=\"3eaf500\" data-element_type=\"container\">\n\t\t<div class=\"elementor-element elementor-element-7de3b5a e-con-full e-flex e-con e-child\" data-id=\"7de3b5a\" data-element_type=\"container\">\n\t\t\t\t<div class=\"elementor-element elementor-element-2c8fbe6 icon-list-style-diteck-yes animated-fast elementor-icon-list--layout-traditional elementor-list-item-link-full_width elementor-invisible elementor-widget elementor-widget-icon-list\" data-id=\"2c8fbe6\" data-element_type=\"widget\" data-settings=\"{&quot;_animation&quot;:&quot;opal-scale-up&quot;}\" data-widget_type=\"icon-list.default\">\n\t\t\t\t\t\t\t<ul class=\"elementor-icon-list-items\">\n\t\t\t\t\t\t\t<li class=\"elementor-icon-list-item\">\n\t\t\t\t\t\t\t\t\t\t\t<span class=\"elementor-icon-list-icon\">\n\t\t\t\t\t\t\t<i aria-hidden=\"true\" class=\"diteck-icon- diteck-icon-square-1\"><\/i>\t\t\t\t\t\t<\/span>\n\t\t\t\t\t\t\t\t\t\t<span class=\"elementor-icon-list-text\">Kontakt informacije<\/span>\n\t\t\t\t\t\t\t\t\t<\/li>\n\t\t\t\t\t\t<\/ul>\n\t\t\t\t\t\t<\/div>\n\t\t\t\t<\/div>\n\t\t<div class=\"elementor-element elementor-element-3e39d8d e-con-full e-flex e-con e-child\" data-id=\"3e39d8d\" data-element_type=\"container\">\n\t\t<div class=\"elementor-element elementor-element-76d1bf7 e-grid e-con-full e-con e-child\" data-id=\"76d1bf7\" data-element_type=\"container\">\n\t\t\t\t<div class=\"elementor-element elementor-element-813b00f animated-fast elementor-invisible elementor-widget elementor-widget-image-box\" data-id=\"813b00f\" data-element_type=\"widget\" data-settings=\"{&quot;_animation&quot;:&quot;opal-move-up&quot;}\" data-widget_type=\"image-box.default\">\n\t\t\t\t\t<div class=\"elementor-image-box-wrapper\"><div class=\"elementor-image-box-content\"><h4 class=\"elementor-image-box-title\">info@pogs.hr<\/h4><p class=\"elementor-image-box-description\">E-mail<\/p><\/div><\/div>\t\t\t\t<\/div>\n\t\t\t\t<div class=\"elementor-element elementor-element-8e9c1d0 animated-fast elementor-widget__width-initial elementor-invisible elementor-widget elementor-widget-image-box\" data-id=\"8e9c1d0\" data-element_type=\"widget\" data-settings=\"{&quot;_animation&quot;:&quot;opal-move-up&quot;,&quot;_animation_delay&quot;:200}\" data-widget_type=\"image-box.default\">\n\t\t\t\t\t<div class=\"elementor-image-box-wrapper\"><div class=\"elementor-image-box-content\"><h4 class=\"elementor-image-box-title\"><a href=\"tel:+385%2091%20585%207882\">+385 91 585 7882<\/a><\/h4><p class=\"elementor-image-box-description\">Kontakt telefon<\/p><\/div><\/div>\t\t\t\t<\/div>\n\t\t\t\t<div class=\"elementor-element elementor-element-0e54ee4 animated-fast elementor-invisible elementor-widget elementor-widget-image-box\" data-id=\"0e54ee4\" data-element_type=\"widget\" data-settings=\"{&quot;_animation&quot;:&quot;opal-move-up&quot;,&quot;_animation_delay&quot;:300}\" data-widget_type=\"image-box.default\">\n\t\t\t\t\t<div class=\"elementor-image-box-wrapper\"><div class=\"elementor-image-box-content\"><h4 class=\"elementor-image-box-title\">Radno vrijeme<\/h4><p class=\"elementor-image-box-description\">Ponedjeljak \u2013 petak: 8 -16 sati<\/p><\/div><\/div>\t\t\t\t<\/div>\n\t\t\t\t<\/div>\n\t\t\t\t<\/div>\n\t\t\t\t<\/div>\n\t\t\t\t\t<\/div>\n\t\t\t\t<\/div>\n\t\t<div class=\"elementor-element elementor-element-483735f e-flex e-con-boxed e-con e-parent\" data-id=\"483735f\" data-element_type=\"container\">\n\t\t\t\t\t<div class=\"e-con-inner\">\n\t\t\t\t<div class=\"elementor-element elementor-element-c6d930d elementor-widget elementor-widget-google_maps\" data-id=\"c6d930d\" data-element_type=\"widget\" data-widget_type=\"google_maps.default\">\n\t\t\t\t\t\t\t<div class=\"elementor-custom-embed\">\n\t\t\t<iframe loading=\"lazy\"\n\t\t\t\t\tsrc=\"https:\/\/maps.google.com\/maps?q=Vlade%20Grozdani%C4%87a%206&#038;t=m&#038;z=10&#038;output=embed&#038;iwloc=near\"\n\t\t\t\t\ttitle=\"Vlade Grozdani\u0107a 6\"\n\t\t\t\t\taria-label=\"Vlade Grozdani\u0107a 6\"\n\t\t\t><\/iframe>\n\t\t<\/div>\n\t\t\t\t\t\t<\/div>\n\t\t\t\t\t<\/div>\n\t\t\t\t<\/div>\n\t\t\t\t<\/div>\n\t\t","protected":false},"excerpt":{"rendered":"<p>Kontaktirajte nas Imate pitanje, trebate savjet ili \u017eelite dogovoriti suradnju? Blank Form (#3) Va\u0161e ime Va\u0161e prezimeE-mail adresaPredmet porukeVa\u0161 upitPo\u0161aljite upit Kontakt informacije info@pogs.hr E-mail +385 91 585 7882 Kontakt telefon Radno vrijeme Ponedjeljak \u2013 petak: 8 -16 sati<\/p>\n","protected":false},"author":1,"featured_media":0,"parent":0,"menu_order":0,"comment_status":"closed","ping_status":"closed","template":"template-homepage.php","meta":{"_seopress_robots_primary_cat":"","_seopress_titles_title":"","_seopress_titles_desc":"","_seopress_robots_index":"","iawp_total_views":33,"footnotes":""},"class_list":["post-2375","page","type-page","status-publish","hentry"],"_links":{"self":[{"href":"https:\/\/pogs.hr\/index.php\/wp-json\/wp\/v2\/pages\/2375","targetHints":{"allow":["GET"]}}],"collection":[{"href":"https:\/\/pogs.hr\/index.php\/wp-json\/wp\/v2\/pages"}],"about":[{"href":"https:\/\/pogs.hr\/index.php\/wp-json\/wp\/v2\/types\/page"}],"author":[{"embeddable":true,"href":"https:\/\/pogs.hr\/index.php\/wp-json\/wp\/v2\/users\/1"}],"replies":[{"embeddable":true,"href":"https:\/\/pogs.hr\/index.php\/wp-json\/wp\/v2\/comments?post=2375"}],"version-history":[{"count":32,"href":"https:\/\/pogs.hr\/index.php\/wp-json\/wp\/v2\/pages\/2375\/revisions"}],"predecessor-version":[{"id":8920,"href":"https:\/\/pogs.hr\/index.php\/wp-json\/wp\/v2\/pages\/2375\/revisions\/8920"}],"wp:attachment":[{"href":"https:\/\/pogs.hr\/index.php\/wp-json\/wp\/v2\/media?parent=2375"}],"curies":[{"name":"wp","href":"https:\/\/api.w.org\/{rel}","templated":true}]}}